{"id":15048,"date":"2022-02-25T17:05:41","date_gmt":"2022-02-25T16:05:41","guid":{"rendered":"https:\/\/www.labpaisagem.pt\/arvoredo-classificado-de-interesse-publico-em-guimaraes\/?page_id=15048"},"modified":"2022-02-25T17:14:40","modified_gmt":"2022-02-25T16:14:40","slug":"diospireiro-casa-de-margaride","status":"publish","type":"page","link":"https:\/\/www.labpaisagem.pt\/arvoredo-classificado-de-interesse-publico-em-guimaraes\/arvoredo-classificado-de-interesse-publico-em-guimaraes\/diospireiro-casa-de-margaride\/","title":{"rendered":"Di\u00f3spireiro &#8211;  Casa de Margaride"},"content":{"rendered":"<p>[et_pb_section fb_built=&#8221;1&#8243; next_background_color=&#8221;#f7f7f7&#8243; admin_label=&#8221;Hero Section&#8221; _builder_version=&#8221;4.4.0&#8243; use_background_color_gradient=&#8221;on&#8221; background_color_gradient_start=&#8221;rgba(0,0,0,0.4)&#8221; background_color_gradient_end=&#8221;rgba(0,0,0,0.4)&#8221; background_color_gradient_overlays_image=&#8221;on&#8221; background_image=&#8221;https:\/\/www.labpaisagem.pt\/arvoredo-classificado-de-interesse-publico-em-guimaraes\/wp-content\/uploads\/2022\/02\/IMG_6160-scaled.jpeg&#8221; background_position=&#8221;center_right&#8221; custom_padding=&#8221;9.7%||9.7%||true|&#8221; bottom_divider_style=&#8221;slant&#8221; bottom_divider_height=&#8221;60px&#8221; background_color_gradient_direction__hover=&#8221;180deg&#8221; background_color_gradient_direction__hover_enabled=&#8221;180deg&#8221; background_color_gradient_start_position__hover=&#8221;0%&#8221; background_color_gradient_start_position__hover_enabled=&#8221;0%&#8221; background_color_gradient_end_position__hover=&#8221;100%&#8221; background_color_gradient_end_position__hover_enabled=&#8221;100%&#8221;][et_pb_row _builder_version=&#8221;3.25&#8243; background_size=&#8221;initial&#8221; background_position=&#8221;top_left&#8221; background_repeat=&#8221;repeat&#8221;][et_pb_column type=&#8221;4_4&#8243; _builder_version=&#8221;3.25&#8243; custom_padding=&#8221;|||&#8221; custom_padding__hover=&#8221;|||&#8221;][et_pb_text admin_label=&#8221;Hero Section Title&#8221; _builder_version=&#8221;4.4.0&#8243; text_font=&#8221;|||on|||||&#8221; header_font=&#8221;Montserrat|600|||||||&#8221; header_font_size=&#8221;48px&#8221; header_letter_spacing=&#8221;3px&#8221; header_line_height=&#8221;1.3em&#8221; header_2_font=&#8221;Montserrat|700|||||||&#8221; header_2_text_color=&#8221;rgba(255,255,255,0.6)&#8221; header_2_font_size=&#8221;90px&#8221; header_2_letter_spacing=&#8221;3px&#8221; header_2_line_height=&#8221;1.1em&#8221; text_orientation=&#8221;center&#8221; background_layout=&#8221;dark&#8221; module_alignment=&#8221;center&#8221; custom_margin=&#8221;||60px|&#8221; animation_style=&#8221;slide&#8221; animation_direction=&#8221;bottom&#8221; animation_intensity_slide=&#8221;5%&#8221; header_font_size_tablet=&#8221;&#8221; header_font_size_phone=&#8221;28px&#8221; header_font_size_last_edited=&#8221;on|phone&#8221; header_2_font_size_tablet=&#8221;&#8221; header_2_font_size_phone=&#8221;50px&#8221; header_2_font_size_last_edited=&#8221;on|phone&#8221;]<\/p>\n<h2>Di\u00f3spireiro<\/h2>\n<h2><span style=\"color: #ffffff; font-size: 48px;\">Casa de margaride<\/span><\/h2>\n<p>[\/et_pb_text][\/et_pb_column][\/et_pb_row][\/et_pb_section][et_pb_section fb_built=&#8221;1&#8243; admin_label=&#8221;About Section&#8221; _builder_version=&#8221;3.22&#8243; background_color=&#8221;#f7f7f7&#8243; custom_padding=&#8221;90px||90px|&#8221;][et_pb_row admin_label=&#8221;Section Title&#8221; _builder_version=&#8221;3.25&#8243; custom_margin=&#8221;||40px|&#8221; custom_padding=&#8221;||0px|&#8221;][et_pb_column type=&#8221;4_4&#8243; _builder_version=&#8221;3.25&#8243; custom_padding=&#8221;|||&#8221; custom_padding__hover=&#8221;|||&#8221;][et_pb_text admin_label=&#8221;Title&#8221; _builder_version=&#8221;4.4.0&#8243; text_font=&#8221;||||||||&#8221; header_font=&#8221;||||||||&#8221; header_2_font=&#8221;Montserrat|600||on|||||&#8221; header_2_text_align=&#8221;center&#8221; header_2_font_size=&#8221;30px&#8221; custom_margin=&#8221;||5px|&#8221; animation_style=&#8221;slide&#8221; animation_direction=&#8221;top&#8221; animation_intensity_slide=&#8221;20%&#8221; animation_starting_opacity=&#8221;100%&#8221;]<\/p>\n<h2>\u00e1rvore isolada<\/h2>\n<p>[\/et_pb_text][et_pb_divider show_divider=&#8221;off&#8221; _builder_version=&#8221;3.2&#8243; max_width=&#8221;23px&#8221; module_alignment=&#8221;center&#8221; animation_style=&#8221;slide&#8221; animation_direction=&#8221;top&#8221; animation_intensity_slide=&#8221;20%&#8221; animation_starting_opacity=&#8221;100%&#8221;][\/et_pb_divider][\/et_pb_column][\/et_pb_row][et_pb_row admin_label=&#8221;Service Area&#8221; _builder_version=&#8221;3.25&#8243;][et_pb_column type=&#8221;4_4&#8243; _builder_version=&#8221;3.25&#8243; custom_padding=&#8221;|||&#8221; custom_padding__hover=&#8221;|||&#8221;][et_pb_blurb use_icon=&#8221;on&#8221; font_icon=&#8221;%%65%%&#8221; icon_color=&#8221;#898989&#8243; icon_placement=&#8221;left&#8221; content_max_width=&#8221;964px&#8221; _builder_version=&#8221;4.4.0&#8243; header_font=&#8221;Montserrat|600|||||||&#8221; header_font_size=&#8221;20px&#8221; body_font=&#8221;||||||||&#8221; body_text_align=&#8221;left&#8221; body_font_size=&#8221;16px&#8221; body_line_height=&#8221;1.8em&#8221; module_alignment=&#8221;left&#8221; custom_padding=&#8221;|||0px||&#8221; animation_style=&#8221;fold&#8221; animation_direction=&#8221;bottom&#8221; animation_intensity_fold=&#8221;20%&#8221; animation_starting_opacity=&#8221;100%&#8221;]<\/p>\n<p><strong>Nome cient\u00edfico:<\/strong>\u00a0<em>Diospyros kaki <\/em><em>L.f \u2018Costata\u2019<\/em><br \/> <strong>Nome comum:<\/strong>\u00a0Di\u00f3spireiro, Alperceiro-do-Jap\u00e3o, Kaki.<br \/> <strong>Localiza\u00e7\u00e3o:<\/strong>\u00a0Casa de Margaride, Lugar de Margaride, Mes\u00e3o Frio, Guimar\u00e3es.<br \/> <strong>Coordenadas GPS:<\/strong>\u00a0Latitude: 41\u00b0 27\u00b401,01\u2033 N \u2013 Longitude: 8\u00b0 16\u00b433,9\u2033 W<br \/> <strong>\u00daltima medi\u00e7\u00e3o:<\/strong>\u00a0 <br \/> <strong>Idade:<\/strong>\u00a0mais de 100 anos<br \/> <strong>Descri\u00e7\u00e3o:<\/strong>\u00a0Exemplar isolado<br \/> <strong>Interesse hist\u00f3rico ou paisag\u00edstico:<\/strong>\u00a0\u00c9 um elemento de destaque num socalco sobranceiro ao jardim formal, com elevado valor ornamental, pela colora\u00e7\u00e3o vermelha da sua folhagem no outono, cumprindo-se o par\u00e2metro de aprecia\u00e7\u00e3o valoriza\u00e7\u00e3o est\u00e9tica do espa\u00e7o envolvente e dos seus elementos naturais e arquitet\u00f3nicos.<\/p>\n<p><strong>Di\u00f3spireiro <\/strong><\/p>\n<p><strong>Nome cient\u00edfico:<\/strong>\u00a0<em>Diospyro<\/em><em>s kaki <\/em><em>L<\/em><em>.<\/em><br \/> <strong>Fam\u00edlia:<\/strong><em>\u00a0Ebenaceae<\/em><br \/> <strong>G\u00e9nero:<\/strong>\u00a0<em>Diospyros<\/em><\/p>\n<p><strong>Origem:<\/strong>\u00a0Esp\u00e9cie origin\u00e1ria da China e do Jap\u00e3o, foi introduzida na Europa em 1796, encontra-se como esp\u00e9cie al\u00f3ctone em Portugal.<br \/> <strong>Caracter\u00edsticas:<\/strong>\u00a0 \u00c9 uma \u00e1rvore de copa arredondada e ritidoma escamoso. As folhas s\u00e3o el\u00edpticas a oblongas. Os frutos, vulgarmente designados por diospiros, s\u00e3o amarelo-avermelhados e doces, quando maduros.<br \/> <strong>Flora\u00e7\u00e3o:<\/strong> maio a outubro<\/p>\n<p><strong>Aplica\u00e7\u00f5es:<\/strong>\u00a0Esp\u00e9cie apreciada para fins ornamentais e especialmente para produ\u00e7\u00e3o de frutos.<\/p>\n<p><strong>Curiosidades:<\/strong>\u00a0Os diferentes cultivares s\u00e3o geralmente classificados quanto ao teor de tanino nos frutos.<\/p>\n<p><strong>\u00a0<\/strong><\/p>\n<p>&nbsp;<\/p>\n<p>[\/et_pb_blurb][\/et_pb_column][\/et_pb_row][et_pb_row _builder_version=&#8221;4.4.0&#8243;][et_pb_column type=&#8221;4_4&#8243; _builder_version=&#8221;4.4.0&#8243;][et_pb_gallery gallery_ids=&#8221;15046,15045,15044&#8243; posts_number=&#8221;20&#8243; show_title_and_caption=&#8221;off&#8221; show_pagination=&#8221;off&#8221; _builder_version=&#8221;4.4.0&#8243;][\/et_pb_gallery][\/et_pb_column][\/et_pb_row][\/et_pb_section][et_pb_section fb_built=&#8221;1&#8243; _builder_version=&#8221;4.4.0&#8243;][et_pb_row _builder_version=&#8221;4.4.0&#8243;][et_pb_column type=&#8221;4_4&#8243; _builder_version=&#8221;4.4.0&#8243;][et_pb_image _builder_version=&#8221;4.4.0&#8243;][\/et_pb_image][\/et_pb_column][\/et_pb_row][\/et_pb_section]<\/p>\n","protected":false},"excerpt":{"rendered":"<p>[et_pb_section fb_built=&#8221;1&#8243; next_background_color=&#8221;#f7f7f7&#8243; admin_label=&#8221;Hero Section&#8221; _builder_version=&#8221;4.4.0&#8243; use_background_color_gradient=&#8221;on&#8221; background_color_gradient_start=&#8221;rgba(0,0,0,0.4)&#8221; background_color_gradient_end=&#8221;rgba(0,0,0,0.4)&#8221; background_color_gradient_overlays_image=&#8221;on&#8221; background_image=&#8221;https:\/\/www.labpaisagem.pt\/arvoredo-classificado-de-interesse-publico-em-guimaraes\/wp-content\/uploads\/2022\/02\/IMG_6160-scaled.jpeg&#8221; background_position=&#8221;center_right&#8221; custom_padding=&#8221;9.7%||9.7%||true|&#8221; bottom_divider_style=&#8221;slant&#8221; bottom_divider_height=&#8221;60px&#8221; background_color_gradient_direction__hover=&#8221;180deg&#8221; background_color_gradient_direction__hover_enabled=&#8221;180deg&#8221; background_color_gradient_start_position__hover=&#8221;0%&#8221; background_color_gradient_start_position__hover_enabled=&#8221;0%&#8221; background_color_gradient_end_position__hover=&#8221;100%&#8221; background_color_gradient_end_position__hover_enabled=&#8221;100%&#8221;][et_pb_row _builder_version=&#8221;3.25&#8243; background_size=&#8221;initial&#8221; background_position=&#8221;top_left&#8221; background_repeat=&#8221;repeat&#8221;][et_pb_column type=&#8221;4_4&#8243; _builder_version=&#8221;3.25&#8243; custom_padding=&#8221;|||&#8221; custom_padding__hover=&#8221;|||&#8221;][et_pb_text admin_label=&#8221;Hero Section Title&#8221; _builder_version=&#8221;4.4.0&#8243; text_font=&#8221;|||on|||||&#8221; header_font=&#8221;Montserrat|600|||||||&#8221; header_font_size=&#8221;48px&#8221; header_letter_spacing=&#8221;3px&#8221; header_line_height=&#8221;1.3em&#8221; header_2_font=&#8221;Montserrat|700|||||||&#8221; header_2_text_color=&#8221;rgba(255,255,255,0.6)&#8221; header_2_font_size=&#8221;90px&#8221; header_2_letter_spacing=&#8221;3px&#8221; header_2_line_height=&#8221;1.1em&#8221; text_orientation=&#8221;center&#8221; background_layout=&#8221;dark&#8221; module_alignment=&#8221;center&#8221; custom_margin=&#8221;||60px|&#8221; animation_style=&#8221;slide&#8221; animation_direction=&#8221;bottom&#8221; animation_intensity_slide=&#8221;5%&#8221; header_font_size_tablet=&#8221;&#8221; header_font_size_phone=&#8221;28px&#8221; header_font_size_last_edited=&#8221;on|phone&#8221; header_2_font_size_tablet=&#8221;&#8221; header_2_font_size_phone=&#8221;50px&#8221; [&hellip;]<\/p>\n","protected":false},"author":1,"featured_media":0,"parent":13102,"menu_order":0,"comment_status":"closed","ping_status":"closed","template":"","meta":{"_et_pb_use_builder":"on","_et_pb_old_content":"","_et_gb_content_width":"","sfsi_plus_gutenberg_text_before_share":"","sfsi_plus_gutenberg_show_text_before_share":"","sfsi_plus_gutenberg_icon_type":"","sfsi_plus_gutenberg_icon_alignemt":"","sfsi_plus_gutenburg_max_per_row":""},"yoast_head":"<!-- This site is optimized with the Yoast SEO plugin v17.3 - https:\/\/yoast.com\/wordpress\/plugins\/seo\/ -->\n<title>Di\u00f3spireiro - Casa de Margaride - Laborat\u00f3rio da Paisagem<\/title>\n<meta name=\"robots\" content=\"noindex, follow, max-snippet:-1, max-image-preview:large, max-video-preview:-1\" \/>\n<meta property=\"og:locale\" content=\"en_US\" \/>\n<meta property=\"og:type\" content=\"article\" \/>\n<meta property=\"og:title\" content=\"Di\u00f3spireiro - Casa de Margaride - Laborat\u00f3rio da Paisagem\" \/>\n<meta property=\"og:description\" content=\"[et_pb_section fb_built=&#8221;1&#8243; next_background_color=&#8221;#f7f7f7&#8243; admin_label=&#8221;Hero Section&#8221; _builder_version=&#8221;4.4.0&#8243; use_background_color_gradient=&#8221;on&#8221; background_color_gradient_start=&#8221;rgba(0,0,0,0.4)&#8221; background_color_gradient_end=&#8221;rgba(0,0,0,0.4)&#8221; background_color_gradient_overlays_image=&#8221;on&#8221; background_image=&#8221;https:\/\/www.labpaisagem.pt\/arvoredo-classificado-de-interesse-publico-em-guimaraes\/wp-content\/uploads\/2022\/02\/IMG_6160-scaled.jpeg&#8221; background_position=&#8221;center_right&#8221; custom_padding=&#8221;9.7%||9.7%||true|&#8221; bottom_divider_style=&#8221;slant&#8221; bottom_divider_height=&#8221;60px&#8221; background_color_gradient_direction__hover=&#8221;180deg&#8221; background_color_gradient_direction__hover_enabled=&#8221;180deg&#8221; background_color_gradient_start_position__hover=&#8221;0%&#8221; background_color_gradient_start_position__hover_enabled=&#8221;0%&#8221; background_color_gradient_end_position__hover=&#8221;100%&#8221; background_color_gradient_end_position__hover_enabled=&#8221;100%&#8221;][et_pb_row _builder_version=&#8221;3.25&#8243; background_size=&#8221;initial&#8221; background_position=&#8221;top_left&#8221; background_repeat=&#8221;repeat&#8221;][et_pb_column type=&#8221;4_4&#8243; _builder_version=&#8221;3.25&#8243; custom_padding=&#8221;|||&#8221; custom_padding__hover=&#8221;|||&#8221;][et_pb_text admin_label=&#8221;Hero Section Title&#8221; _builder_version=&#8221;4.4.0&#8243; text_font=&#8221;|||on|||||&#8221; header_font=&#8221;Montserrat|600|||||||&#8221; header_font_size=&#8221;48px&#8221; header_letter_spacing=&#8221;3px&#8221; header_line_height=&#8221;1.3em&#8221; header_2_font=&#8221;Montserrat|700|||||||&#8221; header_2_text_color=&#8221;rgba(255,255,255,0.6)&#8221; header_2_font_size=&#8221;90px&#8221; header_2_letter_spacing=&#8221;3px&#8221; header_2_line_height=&#8221;1.1em&#8221; text_orientation=&#8221;center&#8221; background_layout=&#8221;dark&#8221; module_alignment=&#8221;center&#8221; custom_margin=&#8221;||60px|&#8221; animation_style=&#8221;slide&#8221; animation_direction=&#8221;bottom&#8221; animation_intensity_slide=&#8221;5%&#8221; header_font_size_tablet=&#8221;&#8221; header_font_size_phone=&#8221;28px&#8221; header_font_size_last_edited=&#8221;on|phone&#8221; header_2_font_size_tablet=&#8221;&#8221; header_2_font_size_phone=&#8221;50px&#8221; [&hellip;]\" \/>\n<meta property=\"og:url\" content=\"https:\/\/www.labpaisagem.pt\/arvoredo-classificado-de-interesse-publico-em-guimaraes\/arvoredo-classificado-de-interesse-publico-em-guimaraes\/diospireiro-casa-de-margaride\/\" \/>\n<meta property=\"og:site_name\" content=\"Laborat\u00f3rio da Paisagem\" \/>\n<meta property=\"article:modified_time\" content=\"2022-02-25T16:14:40+00:00\" \/>\n<meta name=\"twitter:card\" content=\"summary\" \/>\n<meta name=\"twitter:label1\" content=\"Est. reading time\" \/>\n\t<meta name=\"twitter:data1\" content=\"4 minutes\" \/>\n<script type=\"application\/ld+json\" class=\"yoast-schema-graph\">{\"@context\":\"https:\/\/schema.org\",\"@graph\":[{\"@type\":\"WebSite\",\"@id\":\"https:\/\/www.labpaisagem.pt\/arvoredo-classificado-de-interesse-publico-em-guimaraes\/#website\",\"url\":\"https:\/\/www.labpaisagem.pt\/arvoredo-classificado-de-interesse-publico-em-guimaraes\/\",\"name\":\"Laborat\\u00f3rio da Paisagem\",\"description\":\"Arvoredo Classificado como de Interesse P\\u00fablico em Guimar\\u00e3es\",\"potentialAction\":[{\"@type\":\"SearchAction\",\"target\":{\"@type\":\"EntryPoint\",\"urlTemplate\":\"https:\/\/www.labpaisagem.pt\/arvoredo-classificado-de-interesse-publico-em-guimaraes\/?s={search_term_string}\"},\"query-input\":\"required name=search_term_string\"}],\"inLanguage\":\"en-US\"},{\"@type\":\"WebPage\",\"@id\":\"https:\/\/www.labpaisagem.pt\/arvoredo-classificado-de-interesse-publico-em-guimaraes\/arvoredo-classificado-de-interesse-publico-em-guimaraes\/diospireiro-casa-de-margaride\/#webpage\",\"url\":\"https:\/\/www.labpaisagem.pt\/arvoredo-classificado-de-interesse-publico-em-guimaraes\/arvoredo-classificado-de-interesse-publico-em-guimaraes\/diospireiro-casa-de-margaride\/\",\"name\":\"Di\\u00f3spireiro - Casa de Margaride - Laborat\\u00f3rio da Paisagem\",\"isPartOf\":{\"@id\":\"https:\/\/www.labpaisagem.pt\/arvoredo-classificado-de-interesse-publico-em-guimaraes\/#website\"},\"datePublished\":\"2022-02-25T16:05:41+00:00\",\"dateModified\":\"2022-02-25T16:14:40+00:00\",\"breadcrumb\":{\"@id\":\"https:\/\/www.labpaisagem.pt\/arvoredo-classificado-de-interesse-publico-em-guimaraes\/arvoredo-classificado-de-interesse-publico-em-guimaraes\/diospireiro-casa-de-margaride\/#breadcrumb\"},\"inLanguage\":\"en-US\",\"potentialAction\":[{\"@type\":\"ReadAction\",\"target\":[\"https:\/\/www.labpaisagem.pt\/arvoredo-classificado-de-interesse-publico-em-guimaraes\/arvoredo-classificado-de-interesse-publico-em-guimaraes\/diospireiro-casa-de-margaride\/\"]}]},{\"@type\":\"BreadcrumbList\",\"@id\":\"https:\/\/www.labpaisagem.pt\/arvoredo-classificado-de-interesse-publico-em-guimaraes\/arvoredo-classificado-de-interesse-publico-em-guimaraes\/diospireiro-casa-de-margaride\/#breadcrumb\",\"itemListElement\":[{\"@type\":\"ListItem\",\"position\":1,\"name\":\"Home\",\"item\":\"https:\/\/www.labpaisagem.pt\/arvoredo-classificado-de-interesse-publico-em-guimaraes\/\"},{\"@type\":\"ListItem\",\"position\":2,\"name\":\"Arvoredo classificado como de Interesse P\\u00fablico em Guimar\\u00e3es\",\"item\":\"https:\/\/www.labpaisagem.pt\/arvoredo-classificado-de-interesse-publico-em-guimaraes\/\"},{\"@type\":\"ListItem\",\"position\":3,\"name\":\"Di\\u00f3spireiro &#8211; Casa de Margaride\"}]}]}<\/script>\n<!-- \/ Yoast SEO plugin. -->","yoast_head_json":{"title":"Di\u00f3spireiro - Casa de Margaride - Laborat\u00f3rio da Paisagem","robots":{"index":"noindex","follow":"follow","max-snippet":"max-snippet:-1","max-image-preview":"max-image-preview:large","max-video-preview":"max-video-preview:-1"},"og_locale":"en_US","og_type":"article","og_title":"Di\u00f3spireiro - Casa de Margaride - Laborat\u00f3rio da Paisagem","og_description":"[et_pb_section fb_built=&#8221;1&#8243; next_background_color=&#8221;#f7f7f7&#8243; admin_label=&#8221;Hero Section&#8221; _builder_version=&#8221;4.4.0&#8243; use_background_color_gradient=&#8221;on&#8221; background_color_gradient_start=&#8221;rgba(0,0,0,0.4)&#8221; background_color_gradient_end=&#8221;rgba(0,0,0,0.4)&#8221; background_color_gradient_overlays_image=&#8221;on&#8221; background_image=&#8221;https:\/\/www.labpaisagem.pt\/arvoredo-classificado-de-interesse-publico-em-guimaraes\/wp-content\/uploads\/2022\/02\/IMG_6160-scaled.jpeg&#8221; background_position=&#8221;center_right&#8221; custom_padding=&#8221;9.7%||9.7%||true|&#8221; bottom_divider_style=&#8221;slant&#8221; bottom_divider_height=&#8221;60px&#8221; background_color_gradient_direction__hover=&#8221;180deg&#8221; background_color_gradient_direction__hover_enabled=&#8221;180deg&#8221; background_color_gradient_start_position__hover=&#8221;0%&#8221; background_color_gradient_start_position__hover_enabled=&#8221;0%&#8221; background_color_gradient_end_position__hover=&#8221;100%&#8221; background_color_gradient_end_position__hover_enabled=&#8221;100%&#8221;][et_pb_row _builder_version=&#8221;3.25&#8243; background_size=&#8221;initial&#8221; background_position=&#8221;top_left&#8221; background_repeat=&#8221;repeat&#8221;][et_pb_column type=&#8221;4_4&#8243; _builder_version=&#8221;3.25&#8243; custom_padding=&#8221;|||&#8221; custom_padding__hover=&#8221;|||&#8221;][et_pb_text admin_label=&#8221;Hero Section Title&#8221; _builder_version=&#8221;4.4.0&#8243; text_font=&#8221;|||on|||||&#8221; header_font=&#8221;Montserrat|600|||||||&#8221; header_font_size=&#8221;48px&#8221; header_letter_spacing=&#8221;3px&#8221; header_line_height=&#8221;1.3em&#8221; header_2_font=&#8221;Montserrat|700|||||||&#8221; header_2_text_color=&#8221;rgba(255,255,255,0.6)&#8221; header_2_font_size=&#8221;90px&#8221; header_2_letter_spacing=&#8221;3px&#8221; header_2_line_height=&#8221;1.1em&#8221; text_orientation=&#8221;center&#8221; background_layout=&#8221;dark&#8221; module_alignment=&#8221;center&#8221; custom_margin=&#8221;||60px|&#8221; animation_style=&#8221;slide&#8221; animation_direction=&#8221;bottom&#8221; animation_intensity_slide=&#8221;5%&#8221; header_font_size_tablet=&#8221;&#8221; header_font_size_phone=&#8221;28px&#8221; header_font_size_last_edited=&#8221;on|phone&#8221; header_2_font_size_tablet=&#8221;&#8221; header_2_font_size_phone=&#8221;50px&#8221; [&hellip;]","og_url":"https:\/\/www.labpaisagem.pt\/arvoredo-classificado-de-interesse-publico-em-guimaraes\/arvoredo-classificado-de-interesse-publico-em-guimaraes\/diospireiro-casa-de-margaride\/","og_site_name":"Laborat\u00f3rio da Paisagem","article_modified_time":"2022-02-25T16:14:40+00:00","twitter_card":"summary","twitter_misc":{"Est. reading time":"4 minutes"},"schema":{"@context":"https:\/\/schema.org","@graph":[{"@type":"WebSite","@id":"https:\/\/www.labpaisagem.pt\/arvoredo-classificado-de-interesse-publico-em-guimaraes\/#website","url":"https:\/\/www.labpaisagem.pt\/arvoredo-classificado-de-interesse-publico-em-guimaraes\/","name":"Laborat\u00f3rio da Paisagem","description":"Arvoredo Classificado como de Interesse P\u00fablico em Guimar\u00e3es","potentialAction":[{"@type":"SearchAction","target":{"@type":"EntryPoint","urlTemplate":"https:\/\/www.labpaisagem.pt\/arvoredo-classificado-de-interesse-publico-em-guimaraes\/?s={search_term_string}"},"query-input":"required name=search_term_string"}],"inLanguage":"en-US"},{"@type":"WebPage","@id":"https:\/\/www.labpaisagem.pt\/arvoredo-classificado-de-interesse-publico-em-guimaraes\/arvoredo-classificado-de-interesse-publico-em-guimaraes\/diospireiro-casa-de-margaride\/#webpage","url":"https:\/\/www.labpaisagem.pt\/arvoredo-classificado-de-interesse-publico-em-guimaraes\/arvoredo-classificado-de-interesse-publico-em-guimaraes\/diospireiro-casa-de-margaride\/","name":"Di\u00f3spireiro - Casa de Margaride - Laborat\u00f3rio da Paisagem","isPartOf":{"@id":"https:\/\/www.labpaisagem.pt\/arvoredo-classificado-de-interesse-publico-em-guimaraes\/#website"},"datePublished":"2022-02-25T16:05:41+00:00","dateModified":"2022-02-25T16:14:40+00:00","breadcrumb":{"@id":"https:\/\/www.labpaisagem.pt\/arvoredo-classificado-de-interesse-publico-em-guimaraes\/arvoredo-classificado-de-interesse-publico-em-guimaraes\/diospireiro-casa-de-margaride\/#breadcrumb"},"inLanguage":"en-US","potentialAction":[{"@type":"ReadAction","target":["https:\/\/www.labpaisagem.pt\/arvoredo-classificado-de-interesse-publico-em-guimaraes\/arvoredo-classificado-de-interesse-publico-em-guimaraes\/diospireiro-casa-de-margaride\/"]}]},{"@type":"BreadcrumbList","@id":"https:\/\/www.labpaisagem.pt\/arvoredo-classificado-de-interesse-publico-em-guimaraes\/arvoredo-classificado-de-interesse-publico-em-guimaraes\/diospireiro-casa-de-margaride\/#breadcrumb","itemListElement":[{"@type":"ListItem","position":1,"name":"Home","item":"https:\/\/www.labpaisagem.pt\/arvoredo-classificado-de-interesse-publico-em-guimaraes\/"},{"@type":"ListItem","position":2,"name":"Arvoredo classificado como de Interesse P\u00fablico em Guimar\u00e3es","item":"https:\/\/www.labpaisagem.pt\/arvoredo-classificado-de-interesse-publico-em-guimaraes\/"},{"@type":"ListItem","position":3,"name":"Di\u00f3spireiro &#8211; Casa de Margaride"}]}]}},"_links":{"self":[{"href":"https:\/\/www.labpaisagem.pt\/arvoredo-classificado-de-interesse-publico-em-guimaraes\/wp-json\/wp\/v2\/pages\/15048"}],"collection":[{"href":"https:\/\/www.labpaisagem.pt\/arvoredo-classificado-de-interesse-publico-em-guimaraes\/wp-json\/wp\/v2\/pages"}],"about":[{"href":"https:\/\/www.labpaisagem.pt\/arvoredo-classificado-de-interesse-publico-em-guimaraes\/wp-json\/wp\/v2\/types\/page"}],"author":[{"embeddable":true,"href":"https:\/\/www.labpaisagem.pt\/arvoredo-classificado-de-interesse-publico-em-guimaraes\/wp-json\/wp\/v2\/users\/1"}],"replies":[{"embeddable":true,"href":"https:\/\/www.labpaisagem.pt\/arvoredo-classificado-de-interesse-publico-em-guimaraes\/wp-json\/wp\/v2\/comments?post=15048"}],"version-history":[{"count":3,"href":"https:\/\/www.labpaisagem.pt\/arvoredo-classificado-de-interesse-publico-em-guimaraes\/wp-json\/wp\/v2\/pages\/15048\/revisions"}],"predecessor-version":[{"id":15055,"href":"https:\/\/www.labpaisagem.pt\/arvoredo-classificado-de-interesse-publico-em-guimaraes\/wp-json\/wp\/v2\/pages\/15048\/revisions\/15055"}],"up":[{"embeddable":true,"href":"https:\/\/www.labpaisagem.pt\/arvoredo-classificado-de-interesse-publico-em-guimaraes\/wp-json\/wp\/v2\/pages\/13102"}],"wp:attachment":[{"href":"https:\/\/www.labpaisagem.pt\/arvoredo-classificado-de-interesse-publico-em-guimaraes\/wp-json\/wp\/v2\/media?parent=15048"}],"curies":[{"name":"wp","href":"https:\/\/api.w.org\/{rel}","templated":true}]}}